{"id":24090,"date":"2022-07-18T18:26:55","date_gmt":"2022-07-18T18:26:55","guid":{"rendered":"https:\/\/servicplag.com.ec\/web\/?page_id=24090"},"modified":"2022-07-18T21:30:53","modified_gmt":"2022-07-18T21:30:53","slug":"lamina-adhesiva","status":"publish","type":"page","link":"https:\/\/servicplag.com.ec\/web\/lamina-adhesiva\/","title":{"rendered":"L\u00c1MINA ADHESIVA"},"content":{"rendered":"<p>[vc_row full_width=\u00bbstretch_row\u00bb bg_type=\u00bbimage\u00bb parallax_style=\u00bbvcpb-vz-jquery\u00bb bg_image_new=\u00bb23812&#8243; bg_image_repeat=\u00bbno-repeat\u00bb parallax_sense=\u00bb40&#8243; disable_on_mobile_img_parallax=\u00bboff\u00bb parallax_content=\u00bboff\u00bb fadeout_row=\u00bboff\u00bb enable_overlay=\u00bbenable_overlay_value\u00bb overlay_color=\u00bbrgba(0,0,0,0.55)\u00bb css=\u00bb.vc_custom_1658167785282{margin-bottom: 0px !important;border-bottom-width: 7px !important;padding-top: 140px !important;padding-bottom: 15px !important;border-bottom-color: #118906 !important;border-bottom-style: solid !important;}\u00bb][vc_column]<h1 class=\"boc_heading  center  \"  style=\"margin-bottom: 12px;margin-top: 0px;color: #ffffff;font-size: 70px;\"><span>L\u00c1MINA ADHESIVA<\/span><\/h1><div class=\"boc_divider_holder\"><div class=\"boc_divider  \"  style=\"margin-top: 16px;margin-bottom: 20px;width: 100px;margin-left: auto; margin-right: auto;height: 1px;background: rgba(255,255,255,0.15);\"><\/div><\/div>[\/vc_column][\/vc_row][vc_row][vc_column]<div class=\"boc_spacing \" style=\"height: 70px\"><\/div>[\/vc_column][\/vc_row][vc_row gap=\u00bb30&#8243;][vc_column width=\u00bb1\/2&#8243; css=\u00bb.vc_custom_1658168364068{padding-right: 5% !important;padding-left: 5% !important;}\u00bb][vc_single_image alignment=\u00bbcenter\u00bb style=\u00bbvc_box_outline\u00bb onclick=\u00bbzoom\u00bb image=\u00bb24072&#8243;][\/vc_column][vc_column width=\u00bb1\/2&#8243;]<h1 class=\"boc_heading  al_left  \"  style=\"margin-bottom: 20px;margin-top: 0px;color: #008217;\"><span>L\u00c1MINA ADHESIVA<\/span><\/h1><div class=\"boc_spacing \" style=\"height: 20px\"><\/div>[vc_column_text]<\/p>\n<blockquote>\n<p style=\"text-align: justify;\">La L\u00e1mina Adhesiva Black para trampas luminosas es un producto para el control de insectos voladores sin veneno. Ideal para controlar insectos voladores en industrias alimentarias, refrigeradores, supermercados, hospitales, restaurantes, hogares o cualquier otro lugar donde el uso continuo de insecticidas es desaconsejable o inviable.<\/p>\n<\/blockquote>\n<p>[\/vc_column_text]<div class=\"boc_spacing \" style=\"height: 20px\"><\/div><a\thref=\"https:\/\/servicplag.com.ec\/web\/solicitar-mas-informacion\/\" \n\t\t\t\tclass=\"button btn_medium btn_theme_color btn_rounded btn_normal_style    \"  target='_self'><span>Solicitar m\u00e1s informaci\u00f3n<\/span><\/a>[\/vc_column][\/vc_row][vc_row][vc_column]<div class=\"boc_spacing \" style=\"height: 20px\"><\/div><h2 class=\"boc_heading  center  \"  style=\"margin-bottom: 20px;margin-top: 0px;color: #333;\"><span>ESPECIFICACIONES T\u00c9CNICAS<\/span><\/h2><div class=\"boc_spacing \" style=\"height: 20px\"><\/div>[vc_row_inner equal_height=\u00bbyes\u00bb][vc_column_inner width=\u00bb1\/3&#8243; css=\u00bb.vc_custom_1658179797075{padding-top: 15px !important;padding-right: 15px !important;padding-bottom: 15px !important;padding-left: 15px !important;background-color: #f2f2f2 !important;}\u00bb][vc_column_text]<\/p>\n<h3>Modo de Uso:<\/h3>\n<ul>\n<li>Abra la l\u00e1mina adhesiva.<\/li>\n<li>Coloquela em la trampa luminosa o si prefiere colocarla em el local deseado.<\/li>\n<li>Verifique sistem\u00e1ticamente y despu\u00e9s de la saturaci\u00f3n del panel, des\u00e9chela en la basura dom\u00e9stica.<\/li>\n<\/ul>\n<p>[\/vc_column_text][\/vc_column_inner][vc_column_inner width=\u00bb1\/3&#8243; css=\u00bb.vc_custom_1658179814505{padding-top: 15px !important;padding-right: 15px !important;padding-bottom: 15px !important;padding-left: 15px !important;background-color: #e2e2e2 !important;}\u00bb][vc_column_text]<\/p>\n<h3>Precauciones:<\/h3>\n<ul>\n<li>Mantener fuera del alcance de los ni\u00f1os y animales dom\u00e9sticos.<\/li>\n<li>No reutilice la placa despu\u00e9s de su uso.<\/li>\n<li>Si hay contacto con el adhesivo, l\u00edmpielo con aceite mineral o trementina y l\u00e1velo con agua y jab\u00f3n.<\/li>\n<li>Almacenar en un lugar seco y ventilado. Proteger contra el polvo y el sol.<\/li>\n<\/ul>\n<p>[\/vc_column_text][\/vc_column_inner][vc_column_inner width=\u00bb1\/3&#8243; css=\u00bb.vc_custom_1658179828011{padding-top: 15px !important;padding-right: 15px !important;padding-bottom: 15px !important;padding-left: 15px !important;background-color: #f2f2f2 !important;}\u00bb][vc_column_text]<strong>Composici\u00f3n:<\/strong> Placa de polipropileno con adhesivo de contacto permanente libre de materiales vol\u00e1tiles y compuesto de cauchos sint\u00e9ticos.<\/p>\n<p><strong>Toxicolog\u00eda y Registro:<\/strong> Producto no t\u00f3xico y exento de registro<\/p>\n<p><strong>Embalaje:<\/strong> 5 Unidades<\/p>\n<p><strong>Dimensiones:<\/strong> W x D (mm): 240 x 450, 304 x 450<\/p>\n<p><strong>Validez:<\/strong> 1 a\u00f1o despu\u00e9s de la fecha de fabricaci\u00f3n[\/vc_column_text][\/vc_column_inner][\/vc_row_inner]<div class=\"boc_spacing \" style=\"height: 70px\"><\/div>[\/vc_column][\/vc_row][vc_row full_width=\u00bbstretch_row\u00bb enable_overlay=\u00bboff\u00bb el_class=\u00bbwhite_text\u00bb css=\u00bb.vc_custom_1609263345823{margin-bottom: 0px !important;padding-top: 24px !important;padding-bottom: 20px !important;background-color: #0a7204 !important;}\u00bb][vc_column]<div class=\"text_box  box_no_bgr boc_animate_when_almost_visible boc_left-to-right\"><div class=\"text_box_content with_button\"><h2>NUESTROS PRODUCTOS CUENTAN CON SELLOS DE APROBACION Y CALIDAD<\/h2>\r\n\t\t\t\t\t<p><\/p>\r\n\t\t\t\t<\/div><div class=\"btn_holder\"><a\thref=\"https:\/\/servicplag.com.ec\/web\/contactanos\" \r\n\t\t\t\t\tclass=\"button  btn_medium_stretched btn_white btn_circled btn_outline icon_pos_after \"  target='_self'><span>Cont\u00e1ctanos<\/span> <i class='icon icon icon-angle-right2'><\/i> <\/a><\/div><\/div>[\/vc_column][\/vc_row]<\/p>\n","protected":false},"excerpt":{"rendered":"<p>[vc_row full_width=\u00bbstretch_row\u00bb bg_type=\u00bbimage\u00bb parallax_style=\u00bbvcpb-vz-jquery\u00bb bg_image_new=\u00bb23812&#8243; bg_image_repeat=\u00bbno-repeat\u00bb parallax_sense=\u00bb40&#8243; disable_on_mobile_img_parallax=\u00bboff\u00bb parallax_content=\u00bboff\u00bb fadeout_row=\u00bboff\u00bb enable_overlay=\u00bbenable_overlay_value\u00bb overlay_color=\u00bbrgba(0,0,0,0.55)\u00bb css=\u00bb.vc_custom_1658167785282{margin-bottom: 0px !important;border-bottom-width: 7px !important;padding-top: 140px !important;padding-bottom: 15px !important;border-bottom-color: #118906 !important;border-bottom-style: solid !important;}\u00bb][vc_column][\/vc_column][\/vc_row][vc_row][vc_column][\/vc_column][\/vc_row][vc_row gap=\u00bb30&#8243;][vc_column width=\u00bb1\/2&#8243; css=\u00bb.vc_custom_1658168364068{padding-right: 5% !important;padding-left: 5% !important;}\u00bb][vc_single_image alignment=\u00bbcenter\u00bb style=\u00bbvc_box_outline\u00bb onclick=\u00bbzoom\u00bb image=\u00bb24072&#8243;][\/vc_column][vc_column width=\u00bb1\/2&#8243;][vc_column_text] La L\u00e1mina Adhesiva Black para trampas luminosas es un producto para el control de insectos voladores sin veneno. Ideal para controlar insectos voladores<\/p>\n<div class=\"h10\"><\/div>\n<p><a class=\"more-link1\" href=\"https:\/\/servicplag.com.ec\/web\/lamina-adhesiva\/\">Read more<\/a><\/p>\n","protected":false},"author":1,"featured_media":0,"parent":0,"menu_order":0,"comment_status":"closed","ping_status":"open","template":"","meta":{"_joinchat":[],"footnotes":""},"class_list":["post-24090","page","type-page","status-publish","hentry"],"_links":{"self":[{"href":"https:\/\/servicplag.com.ec\/web\/wp-json\/wp\/v2\/pages\/24090","targetHints":{"allow":["GET"]}}],"collection":[{"href":"https:\/\/servicplag.com.ec\/web\/wp-json\/wp\/v2\/pages"}],"about":[{"href":"https:\/\/servicplag.com.ec\/web\/wp-json\/wp\/v2\/types\/page"}],"author":[{"embeddable":true,"href":"https:\/\/servicplag.com.ec\/web\/wp-json\/wp\/v2\/users\/1"}],"replies":[{"embeddable":true,"href":"https:\/\/servicplag.com.ec\/web\/wp-json\/wp\/v2\/comments?post=24090"}],"version-history":[{"count":9,"href":"https:\/\/servicplag.com.ec\/web\/wp-json\/wp\/v2\/pages\/24090\/revisions"}],"predecessor-version":[{"id":24112,"href":"https:\/\/servicplag.com.ec\/web\/wp-json\/wp\/v2\/pages\/24090\/revisions\/24112"}],"wp:attachment":[{"href":"https:\/\/servicplag.com.ec\/web\/wp-json\/wp\/v2\/media?parent=24090"}],"curies":[{"name":"wp","href":"https:\/\/api.w.org\/{rel}","templated":true}]}}