{"id":23984,"date":"2020-12-29T21:14:24","date_gmt":"2020-12-29T21:14:24","guid":{"rendered":"https:\/\/servicplag.com.ec\/web\/?page_id=23984"},"modified":"2020-12-29T21:17:36","modified_gmt":"2020-12-29T21:17:36","slug":"control-de-moscas","status":"publish","type":"page","link":"https:\/\/servicplag.com.ec\/web\/control-de-moscas\/","title":{"rendered":"CONTROL DE MOSCAS"},"content":{"rendered":"<p>[vc_row full_width=\u00bbstretch_row\u00bb bg_type=\u00bbimage\u00bb parallax_style=\u00bbvcpb-vz-jquery\u00bb bg_image_new=\u00bb23998&#8243; bg_image_repeat=\u00bbno-repeat\u00bb parallax_sense=\u00bb40&#8243; disable_on_mobile_img_parallax=\u00bboff\u00bb parallax_content=\u00bboff\u00bb fadeout_row=\u00bboff\u00bb enable_overlay=\u00bbenable_overlay_value\u00bb overlay_color=\u00bbrgba(0,0,0,0.55)\u00bb css=\u00bb.vc_custom_1609276490677{margin-bottom: 0px !important;border-bottom-width: 7px !important;padding-top: 215px !important;padding-bottom: 70px !important;border-bottom-color: #118906 !important;border-bottom-style: solid !important;}\u00bb][vc_column]<h1 class=\"boc_heading  center  \"  style=\"margin-bottom: 12px;margin-top: 0px;color: #ffffff;font-size: 70px;\"><span>Control de Moscas<\/span><\/h1><div class=\"boc_divider_holder\"><div class=\"boc_divider  \"  style=\"margin-top: 16px;margin-bottom: 20px;width: 100px;margin-left: auto; margin-right: auto;height: 1px;background: rgba(255,255,255,0.15);\"><\/div><\/div><h2 class=\"boc_heading  center  boc_subheading \"  style=\"margin-bottom: 20px;margin-top: 0px;color: rgba(255,255,255,0.8);font-size: 26px;\"><span>Entre ustedes y nosotros formamos una alianza estrat\u00e9gica<\/span><\/h2>[\/vc_column][\/vc_row][vc_row][vc_column]<div class=\"boc_spacing \" style=\"height: 70px\"><\/div>[\/vc_column][\/vc_row][vc_row][vc_column width=\u00bb1\/2&#8243;][vc_single_image alignment=\u00bbcenter\u00bb css_animation=\u00bbboc_animate_when_almost_visible boc_right-to-left\u00bb image=\u00bb23995&#8243;][\/vc_column][vc_column width=\u00bb1\/2&#8243;]<h1 class=\"boc_heading  center  boc_animate_when_almost_visible boc_top-to-bottom\"  style=\"margin-bottom: 20px;margin-top: 0px;color: #333333;font-size: 50px;\"><span>Control de <strong>Moscas<\/strong><\/span><\/h1><div class=\"boc_divider_holder\"><div class=\"boc_divider  \"  style=\"margin-top: 20px;margin-bottom: 20px;width: 100px;margin-left: auto; margin-right: auto;height: 2px;background: #eeeeee;\"><\/div><\/div>[vc_column_text]<\/p>\n<h3 style=\"text-align: justify;\">M\u00e9todos de Control.<\/h3>\n<p style=\"text-align: justify;\">La mosca domestica vive cerca de los humanos, dado que las moscas domesticas son portadoras de muchas enfermedades en personas y animales dom\u00e9sticos, es importante mantener baja la poblaci\u00f3n de estos insectos. Entender sus h\u00e1bitos y su ciclo de vida puede ayudar a eliminar gran parte de las moscas a bajo costo para ustedes y el medioambiente, los sistemas de hermeticidad ayudan a su control.<\/p>\n<p>[\/vc_column_text]<a\thref=\"https:\/\/servicplag.com.ec\/web\/contactanos\" \n\t\t\t\tclass=\"button btn_large btn_theme_color btn_squared btn_normal_style icon_pos_before  boc_animate_when_almost_visible boc_top-to-bottom \"  target='_self'> <i class='icon icon-mail2'><\/i> <span>Cont\u00e1ctanos Ahora<\/span><\/a>[\/vc_column][\/vc_row][vc_row][vc_column]<div class=\"boc_spacing \" style=\"height: 70px\"><\/div>[\/vc_column][\/vc_row][vc_row full_width=\u00bbstretch_row\u00bb enable_overlay=\u00bboff\u00bb el_class=\u00bbwhite_text\u00bb css=\u00bb.vc_custom_1609263345823{margin-bottom: 0px !important;padding-top: 24px !important;padding-bottom: 20px !important;background-color: #0a7204 !important;}\u00bb][vc_column]<div class=\"text_box  box_no_bgr boc_animate_when_almost_visible boc_left-to-right\"><div class=\"text_box_content with_button\"><h2>NUESTROS PRODUCTOS CUENTAN CON SELLOS DE APROBACION Y CALIDAD<\/h2>\r\n\t\t\t\t\t<p><\/p>\r\n\t\t\t\t<\/div><div class=\"btn_holder\"><a\thref=\"https:\/\/servicplag.com.ec\/web\/contactanos\" \r\n\t\t\t\t\tclass=\"button  btn_medium_stretched btn_white btn_circled btn_outline icon_pos_after \"  target='_self'><span>Cont\u00e1ctanos<\/span> <i class='icon icon icon-angle-right2'><\/i> <\/a><\/div><\/div>[\/vc_column][\/vc_row]<\/p>\n","protected":false},"excerpt":{"rendered":"<p>[vc_row full_width=\u00bbstretch_row\u00bb bg_type=\u00bbimage\u00bb parallax_style=\u00bbvcpb-vz-jquery\u00bb bg_image_new=\u00bb23998&#8243; bg_image_repeat=\u00bbno-repeat\u00bb parallax_sense=\u00bb40&#8243; disable_on_mobile_img_parallax=\u00bboff\u00bb parallax_content=\u00bboff\u00bb fadeout_row=\u00bboff\u00bb enable_overlay=\u00bbenable_overlay_value\u00bb overlay_color=\u00bbrgba(0,0,0,0.55)\u00bb css=\u00bb.vc_custom_1609276490677{margin-bottom: 0px !important;border-bottom-width: 7px !important;padding-top: 215px !important;padding-bottom: 70px !important;border-bottom-color: #118906 !important;border-bottom-style: solid !important;}\u00bb][vc_column][\/vc_column][\/vc_row][vc_row][vc_column][\/vc_column][\/vc_row][vc_row][vc_column width=\u00bb1\/2&#8243;][vc_single_image alignment=\u00bbcenter\u00bb css_animation=\u00bbboc_animate_when_almost_visible boc_right-to-left\u00bb image=\u00bb23995&#8243;][\/vc_column][vc_column width=\u00bb1\/2&#8243;][vc_column_text] M\u00e9todos de Control. La mosca domestica vive cerca de los humanos, dado que las moscas domesticas son portadoras de muchas enfermedades en personas y animales dom\u00e9sticos, es importante mantener<\/p>\n<div class=\"h10\"><\/div>\n<p><a class=\"more-link1\" href=\"https:\/\/servicplag.com.ec\/web\/control-de-moscas\/\">Read more<\/a><\/p>\n","protected":false},"author":1,"featured_media":0,"parent":0,"menu_order":0,"comment_status":"closed","ping_status":"open","template":"","meta":{"_joinchat":[],"footnotes":""},"class_list":["post-23984","page","type-page","status-publish","hentry"],"_links":{"self":[{"href":"https:\/\/servicplag.com.ec\/web\/wp-json\/wp\/v2\/pages\/23984","targetHints":{"allow":["GET"]}}],"collection":[{"href":"https:\/\/servicplag.com.ec\/web\/wp-json\/wp\/v2\/pages"}],"about":[{"href":"https:\/\/servicplag.com.ec\/web\/wp-json\/wp\/v2\/types\/page"}],"author":[{"embeddable":true,"href":"https:\/\/servicplag.com.ec\/web\/wp-json\/wp\/v2\/users\/1"}],"replies":[{"embeddable":true,"href":"https:\/\/servicplag.com.ec\/web\/wp-json\/wp\/v2\/comments?post=23984"}],"version-history":[{"count":3,"href":"https:\/\/servicplag.com.ec\/web\/wp-json\/wp\/v2\/pages\/23984\/revisions"}],"predecessor-version":[{"id":24002,"href":"https:\/\/servicplag.com.ec\/web\/wp-json\/wp\/v2\/pages\/23984\/revisions\/24002"}],"wp:attachment":[{"href":"https:\/\/servicplag.com.ec\/web\/wp-json\/wp\/v2\/media?parent=23984"}],"curies":[{"name":"wp","href":"https:\/\/api.w.org\/{rel}","templated":true}]}}