{"id":21719,"date":"2015-03-27T15:00:16","date_gmt":"2015-03-27T15:00:16","guid":{"rendered":"http:\/\/blueowlcreative.com\/wp\/fortuna_export\/?page_id=21719"},"modified":"2021-01-08T04:30:07","modified_gmt":"2021-01-08T04:30:07","slug":"nosotros","status":"publish","type":"page","link":"https:\/\/servicplag.com.ec\/web\/nosotros\/","title":{"rendered":"Nosotros"},"content":{"rendered":"<p>[vc_row full_width=\u00bbstretch_row\u00bb bg_type=\u00bbimage\u00bb parallax_style=\u00bbvcpb-vz-jquery\u00bb bg_image_new=\u00bb23812&#8243; bg_image_repeat=\u00bbno-repeat\u00bb parallax_sense=\u00bb40&#8243; disable_on_mobile_img_parallax=\u00bboff\u00bb parallax_content=\u00bboff\u00bb fadeout_row=\u00bboff\u00bb enable_overlay=\u00bbenable_overlay_value\u00bb overlay_color=\u00bbrgba(0,0,0,0.55)\u00bb css=\u00bb.vc_custom_1609267535282{margin-bottom: 0px !important;border-bottom-width: 7px !important;padding-top: 215px !important;padding-bottom: 70px !important;border-bottom-color: #118906 !important;border-bottom-style: solid !important;}\u00bb][vc_column]<h1 class=\"boc_heading  center  \"  style=\"margin-bottom: 12px;margin-top: 0px;color: #ffffff;font-size: 70px;\"><span>Nosotros<\/span><\/h1><div class=\"boc_divider_holder\"><div class=\"boc_divider  \"  style=\"margin-top: 16px;margin-bottom: 20px;width: 100px;margin-left: auto; margin-right: auto;height: 1px;background: rgba(255,255,255,0.15);\"><\/div><\/div><h2 class=\"boc_heading  center  boc_subheading \"  style=\"margin-bottom: 20px;margin-top: 0px;color: rgba(255,255,255,0.8);font-size: 26px;\"><span>Entre ustedes y nosotros formamos una alianza estrat\u00e9gica<\/span><\/h2>[\/vc_column][\/vc_row][vc_row full_width=\u00bbstretch_row_content_no_spaces\u00bb icon_type=\u00bbno_icon\u00bb icon_size=\u00bb32&#8243; icon_style=\u00bbnone\u00bb icon_color_border=\u00bb#333333&#8243; icon_border_size=\u00bb1&#8243; icon_border_radius=\u00bb500&#8243; icon_border_spacing=\u00bb50&#8243; img_width=\u00bb48&#8243; el_class=\u00bbno_text_transform\u00bb][vc_column width=\u00bb1\/2&#8243; css=\u00bb.vc_custom_1609268181699{padding-top: 70px !important;padding-right: 100px !important;padding-bottom: 70px !important;padding-left: 100px !important;background-image: url(https:\/\/servicplag.com.ec\/web\/wp-content\/uploads\/2020\/12\/servicplag-07-1.jpg?id=23822) !important;background-position: center !important;background-repeat: no-repeat !important;background-size: cover !important;}\u00bb offset=\u00bbvc_hidden-md vc_hidden-sm vc_hidden-xs\u00bb el_class=\u00bbequal_height_column\u00bb][\/vc_column][vc_column css=\u00bb.vc_custom_1609268800888{padding-top: 100px !important;padding-right: 130px !important;padding-bottom: 100px !important;padding-left: 130px !important;background-color: #404545 !important;}\u00bb el_class=\u00bbequal_height_column no_side_padding_in_responsive_column white_text center\u00bb offset=\u00bbvc_col-lg-6 vc_col-md-12 vc_col-xs-12&#8243;]<h2 class=\"boc_heading  center  \"  style=\"margin-bottom: 20px;margin-top: 0px;color: #ffffff;font-size: 45px;\"><span>Nuestra <strong>Misi\u00f3n<\/strong><\/span><\/h2><div class=\"boc_divider_holder\"><div class=\"boc_divider  \"  style=\"margin-top: 20px;margin-bottom: 20px;width: 100px;margin-left: auto; margin-right: auto;height: 1px;background: rgba(255,255,255,0.17);\"><\/div><\/div>[vc_column_text]<\/p>\n<p style=\"text-align: center;\">Prestar servicios en MIP (Manejos Integrados de Plagas), limpieza, desinfecci\u00f3n, en \u00e1reas Industriales, Residenciales y Comerciales con asesoramiento, capacitaci\u00f3n e implementaci\u00f3n de Sistemas de BPM (Buenas Pr\u00e1cticas de Manufactura), en el Ecuador, logrando establecer entre ustedes y nosotros una alianza estrat\u00e9gica.<\/p>\n<p>[\/vc_column_text]<div class=\"boc_spacing \" style=\"height: 20px\"><\/div>[\/vc_column][\/vc_row][vc_row][vc_column]<div class=\"boc_spacing \" style=\"height: 80px\"><\/div><h1 class=\"boc_heading  center  boc_animate_when_almost_visible boc_top-to-bottom\"  style=\"margin-bottom: 20px;margin-top: 0px;color: #333333;font-size: 50px;\"><span>Servicio de <strong>control de plagas<\/strong><\/span><\/h1><div class=\"boc_divider_holder\"><div class=\"boc_divider  \"  style=\"margin-top: 20px;margin-bottom: 20px;width: 100px;margin-left: auto; margin-right: auto;height: 2px;background: #eeeeee;\"><\/div><\/div><h3 class=\"boc_heading  center  boc_subheading \"  style=\"margin-bottom: 20px;margin-top: 0px;color: #afafaf;\"><span>Soluciones integrales para sus problemas en plagas.<\/span><\/h3><div class=\"boc_spacing \" style=\"height: 20px\"><\/div>[\/vc_column][\/vc_row][vc_row][vc_column width=\u00bb1\/3&#8243;]\r\n\t\t\t\t<a target=\"_self\" href=\"https:\/\/servicplag.com.ec\/web\/control-de-cucarachas\"  class=\"pic_info_link_type2\">\r\n\t\t\t\t  <div class=\"boc_image_box portfolio_animator_class  boc_animate_when_almost_visible boc_bottom-to-top\">\r\n\t\t\t\t\t<div class=\"pic_info type2\">\r\n\t\t\t\t\t\t<div class=\"pic  img_hover_effect2\"><div class=\"plus_overlay\"><\/div><div class=\"plus_overlay_icon\"><\/div>\r\n\t\t\t\t\t\t<img loading=\"lazy\" decoding=\"async\" width=\"600\" height=\"380\" src=\"https:\/\/servicplag.com.ec\/web\/wp-content\/uploads\/2020\/12\/cucas-600x380.jpg\" class=\"attachment-boc_medium size-boc_medium\" alt=\"\" \/>\r\n\t\t\t\t\t\t<div class=\"img_overlay_icon\"><span class=\"portfolio_icon icon_link\"><\/span><\/div><\/div>\r\n\t\t\t\t\t\t<div class=\"info_overlay\">\r\n\t\t\t\t\t\t\t<div class=\"info_overlay_padding\">\r\n\t\t\t\t\t\t\t\t<div class=\"info_desc\">\r\n\t\t\t\t\t\t\t\t\t<span class=\"portfolio_icon icon_link\"><\/span>\t\t\t\t\r\n\t\t\t\t\t\t\t\t\t<h3>Control de Cucarachas<\/h3>\r\n\t\t\t\t\t\t\t\t\t<p><\/p>\r\n\t\t\t\t\t\t\t\t<\/div>\r\n\t\t\t\t\t\t\t<\/div>\r\n\t\t\t\t\t\t<\/div>\r\n\t\t\t\t\t<\/div>\r\n\t\t\t\t  <\/div>\r\n\t\t\t\t<\/a>\r\n\t\t\t[\/vc_column][vc_column width=\u00bb1\/3&#8243;]\r\n\t\t\t\t<a target=\"_self\" href=\"https:\/\/servicplag.com.ec\/web\/control-de-roedores\/\"  class=\"pic_info_link_type2\">\r\n\t\t\t\t  <div class=\"boc_image_box portfolio_animator_class  boc_animate_when_almost_visible boc_bottom-to-top\">\r\n\t\t\t\t\t<div class=\"pic_info type2\">\r\n\t\t\t\t\t\t<div class=\"pic  img_hover_effect2\"><div class=\"plus_overlay\"><\/div><div class=\"plus_overlay_icon\"><\/div>\r\n\t\t\t\t\t\t<img loading=\"lazy\" decoding=\"async\" width=\"600\" height=\"380\" src=\"https:\/\/servicplag.com.ec\/web\/wp-content\/uploads\/2020\/12\/ratas-600x380.jpg\" class=\"attachment-boc_medium size-boc_medium\" alt=\"\" \/>\r\n\t\t\t\t\t\t<div class=\"img_overlay_icon\"><span class=\"portfolio_icon icon_link\"><\/span><\/div><\/div>\r\n\t\t\t\t\t\t<div class=\"info_overlay\">\r\n\t\t\t\t\t\t\t<div class=\"info_overlay_padding\">\r\n\t\t\t\t\t\t\t\t<div class=\"info_desc\">\r\n\t\t\t\t\t\t\t\t\t<span class=\"portfolio_icon icon_link\"><\/span>\t\t\t\t\r\n\t\t\t\t\t\t\t\t\t<h3>Control de Ratas<\/h3>\r\n\t\t\t\t\t\t\t\t\t<p><\/p>\r\n\t\t\t\t\t\t\t\t<\/div>\r\n\t\t\t\t\t\t\t<\/div>\r\n\t\t\t\t\t\t<\/div>\r\n\t\t\t\t\t<\/div>\r\n\t\t\t\t  <\/div>\r\n\t\t\t\t<\/a>\r\n\t\t\t[\/vc_column][vc_column width=\u00bb1\/3&#8243;]\r\n\t\t\t\t<a target=\"_self\" href=\"https:\/\/servicplag.com.ec\/web\/control-de-moscas\"  class=\"pic_info_link_type2\">\r\n\t\t\t\t  <div class=\"boc_image_box portfolio_animator_class  boc_animate_when_almost_visible boc_bottom-to-top\">\r\n\t\t\t\t\t<div class=\"pic_info type2\">\r\n\t\t\t\t\t\t<div class=\"pic  img_hover_effect2\"><div class=\"plus_overlay\"><\/div><div class=\"plus_overlay_icon\"><\/div>\r\n\t\t\t\t\t\t<img loading=\"lazy\" decoding=\"async\" width=\"600\" height=\"380\" src=\"https:\/\/servicplag.com.ec\/web\/wp-content\/uploads\/2020\/12\/moscas-600x380.jpg\" class=\"attachment-boc_medium size-boc_medium\" alt=\"\" \/>\r\n\t\t\t\t\t\t<div class=\"img_overlay_icon\"><span class=\"portfolio_icon icon_link\"><\/span><\/div><\/div>\r\n\t\t\t\t\t\t<div class=\"info_overlay\">\r\n\t\t\t\t\t\t\t<div class=\"info_overlay_padding\">\r\n\t\t\t\t\t\t\t\t<div class=\"info_desc\">\r\n\t\t\t\t\t\t\t\t\t<span class=\"portfolio_icon icon_link\"><\/span>\t\t\t\t\r\n\t\t\t\t\t\t\t\t\t<h3>Control de Moscas<\/h3>\r\n\t\t\t\t\t\t\t\t\t<p><\/p>\r\n\t\t\t\t\t\t\t\t<\/div>\r\n\t\t\t\t\t\t\t<\/div>\r\n\t\t\t\t\t\t<\/div>\r\n\t\t\t\t\t<\/div>\r\n\t\t\t\t  <\/div>\r\n\t\t\t\t<\/a>\r\n\t\t\t[\/vc_column][\/vc_row][vc_row][vc_column width=\u00bb1\/3&#8243;]\r\n\t\t\t\t<a target=\"_self\" href=\"https:\/\/servicplag.com.ec\/web\/control-de-roedores\/\"  class=\"pic_info_link_type2\">\r\n\t\t\t\t  <div class=\"boc_image_box portfolio_animator_class  boc_animate_when_almost_visible boc_bottom-to-top\">\r\n\t\t\t\t\t<div class=\"pic_info type2\">\r\n\t\t\t\t\t\t<div class=\"pic  img_hover_effect2\"><div class=\"plus_overlay\"><\/div><div class=\"plus_overlay_icon\"><\/div>\r\n\t\t\t\t\t\t<img loading=\"lazy\" decoding=\"async\" width=\"600\" height=\"380\" src=\"https:\/\/servicplag.com.ec\/web\/wp-content\/uploads\/2020\/12\/raton-600x380.jpg\" class=\"attachment-boc_medium size-boc_medium\" alt=\"\" \/>\r\n\t\t\t\t\t\t<div class=\"img_overlay_icon\"><span class=\"portfolio_icon icon_link\"><\/span><\/div><\/div>\r\n\t\t\t\t\t\t<div class=\"info_overlay\">\r\n\t\t\t\t\t\t\t<div class=\"info_overlay_padding\">\r\n\t\t\t\t\t\t\t\t<div class=\"info_desc\">\r\n\t\t\t\t\t\t\t\t\t<span class=\"portfolio_icon icon_link\"><\/span>\t\t\t\t\r\n\t\t\t\t\t\t\t\t\t<h3>Control de Ratones<\/h3>\r\n\t\t\t\t\t\t\t\t\t<p><\/p>\r\n\t\t\t\t\t\t\t\t<\/div>\r\n\t\t\t\t\t\t\t<\/div>\r\n\t\t\t\t\t\t<\/div>\r\n\t\t\t\t\t<\/div>\r\n\t\t\t\t  <\/div>\r\n\t\t\t\t<\/a>\r\n\t\t\t[\/vc_column][vc_column width=\u00bb1\/3&#8243;]\r\n\t\t\t\t<a target=\"_self\" href=\"https:\/\/servicplag.com.ec\/web\/control-de-palomas\"  class=\"pic_info_link_type2\">\r\n\t\t\t\t  <div class=\"boc_image_box portfolio_animator_class  boc_animate_when_almost_visible boc_bottom-to-top\">\r\n\t\t\t\t\t<div class=\"pic_info type2\">\r\n\t\t\t\t\t\t<div class=\"pic  img_hover_effect2\"><div class=\"plus_overlay\"><\/div><div class=\"plus_overlay_icon\"><\/div>\r\n\t\t\t\t\t\t<img loading=\"lazy\" decoding=\"async\" width=\"600\" height=\"380\" src=\"https:\/\/servicplag.com.ec\/web\/wp-content\/uploads\/2020\/12\/palomas-600x380.jpg\" class=\"attachment-boc_medium size-boc_medium\" alt=\"\" \/>\r\n\t\t\t\t\t\t<div class=\"img_overlay_icon\"><span class=\"portfolio_icon icon_link\"><\/span><\/div><\/div>\r\n\t\t\t\t\t\t<div class=\"info_overlay\">\r\n\t\t\t\t\t\t\t<div class=\"info_overlay_padding\">\r\n\t\t\t\t\t\t\t\t<div class=\"info_desc\">\r\n\t\t\t\t\t\t\t\t\t<span class=\"portfolio_icon icon_link\"><\/span>\t\t\t\t\r\n\t\t\t\t\t\t\t\t\t<h3>Control de Palomas<\/h3>\r\n\t\t\t\t\t\t\t\t\t<p><\/p>\r\n\t\t\t\t\t\t\t\t<\/div>\r\n\t\t\t\t\t\t\t<\/div>\r\n\t\t\t\t\t\t<\/div>\r\n\t\t\t\t\t<\/div>\r\n\t\t\t\t  <\/div>\r\n\t\t\t\t<\/a>\r\n\t\t\t[\/vc_column][vc_column width=\u00bb1\/3&#8243;]\r\n\t\t\t\t<a target=\"_self\" href=\"https:\/\/servicplag.com.ec\/web\/control-de-hormigas\"  class=\"pic_info_link_type2\">\r\n\t\t\t\t  <div class=\"boc_image_box portfolio_animator_class  boc_animate_when_almost_visible boc_bottom-to-top\">\r\n\t\t\t\t\t<div class=\"pic_info type2\">\r\n\t\t\t\t\t\t<div class=\"pic  img_hover_effect2\"><div class=\"plus_overlay\"><\/div><div class=\"plus_overlay_icon\"><\/div>\r\n\t\t\t\t\t\t<img loading=\"lazy\" decoding=\"async\" width=\"600\" height=\"380\" src=\"https:\/\/servicplag.com.ec\/web\/wp-content\/uploads\/2020\/12\/hormigas-1-600x380.jpg\" class=\"attachment-boc_medium size-boc_medium\" alt=\"\" \/>\r\n\t\t\t\t\t\t<div class=\"img_overlay_icon\"><span class=\"portfolio_icon icon_link\"><\/span><\/div><\/div>\r\n\t\t\t\t\t\t<div class=\"info_overlay\">\r\n\t\t\t\t\t\t\t<div class=\"info_overlay_padding\">\r\n\t\t\t\t\t\t\t\t<div class=\"info_desc\">\r\n\t\t\t\t\t\t\t\t\t<span class=\"portfolio_icon icon_link\"><\/span>\t\t\t\t\r\n\t\t\t\t\t\t\t\t\t<h3>Control de Hormigas<\/h3>\r\n\t\t\t\t\t\t\t\t\t<p><\/p>\r\n\t\t\t\t\t\t\t\t<\/div>\r\n\t\t\t\t\t\t\t<\/div>\r\n\t\t\t\t\t\t<\/div>\r\n\t\t\t\t\t<\/div>\r\n\t\t\t\t  <\/div>\r\n\t\t\t\t<\/a>\r\n\t\t\t[\/vc_column][\/vc_row][vc_row][vc_column]<div class=\"boc_spacing \" style=\"height: 70px\"><\/div>[\/vc_column][\/vc_row][vc_row][vc_column width=\u00bb1\/2&#8243;]\r\n\t\t\t\t\t<!-- Image Slider -->\r\n\t\t\t\t\t<script type=\"text\/javascript\">\r\n\r\n\t\t\t\t\t\tjQuery(document).ready(function($) {\r\n\t\t\t\t\t\t\t\r\n\t\t\t\t\t\t\t\/\/ Load carousel after its images are loaded\r\n\t\t\t\t\t\t\tpreloadImages($(\"#img_slider_ed09ed275f38d09e4d87694dd8c4162b img\"), function () {\r\n\t\t\t\t\t\t\t\t\r\n\t\t\t\t\t\t\t\tvar carousel = $(\"#img_slider_ed09ed275f38d09e4d87694dd8c4162b\");\r\n\t\t\t\t\t\t\t\t\r\n\t\t\t\t\t\t\t\tvar args = {\r\n\t\t\t\t\t\t\t\t\titems: \t\t\t1,\r\n\t\t\t\t\t\t\t\t\tmouseDrag:\t\ttrue,\r\n\t\t\t\t\t\t\t\t\tautoplay:\t\ttrue,\r\n\t\t\t\t\t\t\t\t\tautoplayTimeout:4000,\r\n\t\t\t\t\t\t\t\t\tnav: \t\t\ttrue,\r\n\t\t\t\t\t\t\t\t\tdots: \t\t\tfalse,\r\n\t\t\t\t\t\t\t\t\tloop: \t\t\ttrue,\r\n\t\t\t\t\t\t\t\t\tautoHeight: \ttrue,\r\n\t\t\t\t\t\t\t\t\tsmartSpeed:\t\t250,\r\n\t\t\t\t\t\t\tnavText:\t\t\t[\"<span class='icon icon-arrow-left8'><\/span>\",\"<span class='icon icon-uniE708'><\/span>\"],\r\n\t\t\t\t\t\t\t\t\tslideBy: \t\t1,\r\n\t\t\t\t\t\t\t\t\tnavRewind: \t\tfalse,\r\n\t\t\t\t\t\t\t\t\trtl: \t\t\tfalse,\r\n\t\t\t\t\t\t\t\t\tonInitialized:  \tshowCarousel_ed09ed275f38d09e4d87694dd8c4162b,\r\n\t\t\t\t\t\t\t\t\t\r\n\t\t\t\t\t\t\t\t};\r\n\t\t\t\t\t\t\t\t\r\n\t\t\t\t\t\t\t\tcarousel.owlCarousel(args);\r\n\r\n\t\t\t\t\t\t\t\tvar initital_width = carousel.css(\"width\");\t\t\r\n\t\t\t\t\t\t\t\t\r\n\t\t\t\t\t\t\t\t\/* Refresh it for full width rows *\/\r\n\t\t\t\t\t\t\t\t$(window).load(function(){\r\n\t\t\t\t\t\t\t\t\tif(carousel.css(\"width\") != initital_width) {\r\n\t\t\t\t\t\t\t\t\t\tcarousel.trigger(\"destroy.owl.carousel\").removeClass(\"owl-carousel owl-loaded\");\r\n\t\t\t\t\t\t\t\t\t\tcarousel.find(\".owl-stage-outer\").children().unwrap();\r\n\t\t\t\t\t\t\t\t\t\tcarousel.owlCarousel(args);\r\n\t\t\t\t\t\t\t\t\t}\r\n\t\t\t\t\t\t\t\t});\r\n\t\t\t\t\t\t\t});\r\n\t\t\t\t\t\t\t\r\n\t\t\t\t\t\t\t\r\n\t\t\t\t\t\t\t\/* Show after initialized *\/\r\n\t\t\t\t\t\t\tfunction showCarousel_ed09ed275f38d09e4d87694dd8c4162b() {\r\n\t\t\t\t\t\t\t\t$(\"#img_slider_ed09ed275f38d09e4d87694dd8c4162b\").fadeTo(0,1);\r\n\t\t\t\t\t\t\t\t$(\"#img_slider_ed09ed275f38d09e4d87694dd8c4162b .owl-item .boc_owl_lazy\").css(\"opacity\",\"1\");\r\n\t\t\t\t\t\t\t}\t\t\t\t\t\t\t\r\n\t\t\t\t\t\t\t\r\n\t\t\t\t\t\t\t\r\n\t\t\t\t\t\t});\r\n\r\n\t\t\t\t\t<\/script>\r\n\t\t\t\t\t<!-- Image Slider :: END --><div class=\"img_slider mfp_gallery  big_arrows\" id=\"img_slider_ed09ed275f38d09e4d87694dd8c4162b\" style=\"opacity:0;\"><div class=\"img_slider_item boc_owl_lazy\"><img decoding=\"async\" src=\"https:\/\/servicplag.com.ec\/web\/wp-content\/uploads\/2021\/01\/noostros1.jpg\" alt=\"\" title=\"\"\/><\/div><div class=\"img_slider_item boc_owl_lazy\"><img decoding=\"async\" src=\"https:\/\/servicplag.com.ec\/web\/wp-content\/uploads\/2021\/01\/noostros2.jpg\" alt=\"\" title=\"\"\/><\/div><div class=\"img_slider_item boc_owl_lazy\"><img decoding=\"async\" src=\"https:\/\/servicplag.com.ec\/web\/wp-content\/uploads\/2021\/01\/noostros3.jpg\" alt=\"\" title=\"\"\/><\/div><\/div>[\/vc_column][vc_column width=\u00bb1\/2&#8243;]<h1 class=\"boc_heading  center  boc_animate_when_almost_visible boc_top-to-bottom\"  style=\"margin-bottom: 20px;margin-top: 0px;color: #333333;font-size: 50px;\"><span> GARANTIZAMOS EL BIENESTAR DE LOS TUYOS<\/span><\/h1><div class=\"boc_divider_holder\"><div class=\"boc_divider  \"  style=\"margin-top: 20px;margin-bottom: 20px;width: 100px;margin-left: auto; margin-right: auto;height: 2px;background: #eeeeee;\"><\/div><\/div>[vc_column_text]<\/p>\n<p style=\"text-align: justify;\">\u201cSERVICPLAG se compromete en la ejecuci\u00f3n de trabajos eficientes, con personal operativo y t\u00e9cnicos altamente capacitados, comprometidos con el mejoramiento continuo en cada uno de los procesos en armon\u00eda con los recursos naturales y entorno social, con t\u00e9cnicas, equipos y productos que cumplan todos los requisitos legales, encaminados en buscar siempre la satisfacci\u00f3n de nuestros clientes.\u201d<\/p>\n<p>[\/vc_column_text][\/vc_column][\/vc_row][vc_row][vc_column]<div class=\"boc_spacing \" style=\"height: 70px\"><\/div>[\/vc_column][\/vc_row][vc_row full_width=\u00bbstretch_row\u00bb enable_overlay=\u00bboff\u00bb el_class=\u00bbwhite_text\u00bb css=\u00bb.vc_custom_1609263345823{margin-bottom: 0px !important;padding-top: 24px !important;padding-bottom: 20px !important;background-color: #0a7204 !important;}\u00bb][vc_column]<div class=\"text_box  box_no_bgr boc_animate_when_almost_visible boc_left-to-right\"><div class=\"text_box_content with_button\"><h2>NUESTROS PRODUCTOS CUENTAN CON SELLOS DE APROBACION Y CALIDAD<\/h2>\r\n\t\t\t\t\t<p><\/p>\r\n\t\t\t\t<\/div><div class=\"btn_holder\"><a\thref=\"https:\/\/servicplag.com.ec\/web\/contactanos\" \r\n\t\t\t\t\tclass=\"button  btn_medium_stretched btn_white btn_circled btn_outline icon_pos_after \"  target='_self'><span>Cont\u00e1ctanos<\/span> <i class='icon icon icon-angle-right2'><\/i> <\/a><\/div><\/div>[\/vc_column][\/vc_row]<\/p>\n","protected":false},"excerpt":{"rendered":"<p>[vc_row full_width=\u00bbstretch_row\u00bb bg_type=\u00bbimage\u00bb parallax_style=\u00bbvcpb-vz-jquery\u00bb bg_image_new=\u00bb23812&#8243; bg_image_repeat=\u00bbno-repeat\u00bb parallax_sense=\u00bb40&#8243; disable_on_mobile_img_parallax=\u00bboff\u00bb parallax_content=\u00bboff\u00bb fadeout_row=\u00bboff\u00bb enable_overlay=\u00bbenable_overlay_value\u00bb overlay_color=\u00bbrgba(0,0,0,0.55)\u00bb css=\u00bb.vc_custom_1609267535282{margin-bottom: 0px !important;border-bottom-width: 7px !important;padding-top: 215px !important;padding-bottom: 70px !important;border-bottom-color: #118906 !important;border-bottom-style: solid !important;}\u00bb][vc_column][\/vc_column][\/vc_row][vc_row full_width=\u00bbstretch_row_content_no_spaces\u00bb icon_type=\u00bbno_icon\u00bb icon_size=\u00bb32&#8243; icon_style=\u00bbnone\u00bb icon_color_border=\u00bb#333333&#8243; icon_border_size=\u00bb1&#8243; icon_border_radius=\u00bb500&#8243; icon_border_spacing=\u00bb50&#8243; img_width=\u00bb48&#8243; el_class=\u00bbno_text_transform\u00bb][vc_column width=\u00bb1\/2&#8243; css=\u00bb.vc_custom_1609268181699{padding-top: 70px !important;padding-right: 100px !important;padding-bottom: 70px !important;padding-left: 100px !important;background-image: url(https:\/\/servicplag.com.ec\/web\/wp-content\/uploads\/2020\/12\/servicplag-07-1.jpg?id=23822) !important;background-position: center !important;background-repeat: no-repeat !important;background-size: cover !important;}\u00bb offset=\u00bbvc_hidden-md vc_hidden-sm vc_hidden-xs\u00bb el_class=\u00bbequal_height_column\u00bb][\/vc_column][vc_column css=\u00bb.vc_custom_1609268800888{padding-top: 100px !important;padding-right:<\/p>\n<div class=\"h10\"><\/div>\n<p><a class=\"more-link1\" href=\"https:\/\/servicplag.com.ec\/web\/nosotros\/\">Read more<\/a><\/p>\n","protected":false},"author":1,"featured_media":0,"parent":0,"menu_order":0,"comment_status":"closed","ping_status":"open","template":"","meta":{"_joinchat":[],"footnotes":""},"class_list":["post-21719","page","type-page","status-publish","hentry"],"_links":{"self":[{"href":"https:\/\/servicplag.com.ec\/web\/wp-json\/wp\/v2\/pages\/21719","targetHints":{"allow":["GET"]}}],"collection":[{"href":"https:\/\/servicplag.com.ec\/web\/wp-json\/wp\/v2\/pages"}],"about":[{"href":"https:\/\/servicplag.com.ec\/web\/wp-json\/wp\/v2\/types\/page"}],"author":[{"embeddable":true,"href":"https:\/\/servicplag.com.ec\/web\/wp-json\/wp\/v2\/users\/1"}],"replies":[{"embeddable":true,"href":"https:\/\/servicplag.com.ec\/web\/wp-json\/wp\/v2\/comments?post=21719"}],"version-history":[{"count":21,"href":"https:\/\/servicplag.com.ec\/web\/wp-json\/wp\/v2\/pages\/21719\/revisions"}],"predecessor-version":[{"id":24026,"href":"https:\/\/servicplag.com.ec\/web\/wp-json\/wp\/v2\/pages\/21719\/revisions\/24026"}],"wp:attachment":[{"href":"https:\/\/servicplag.com.ec\/web\/wp-json\/wp\/v2\/media?parent=21719"}],"curies":[{"name":"wp","href":"https:\/\/api.w.org\/{rel}","templated":true}]}}